{"id":27,"date":"2018-11-14T21:23:09","date_gmt":"2018-11-14T21:23:09","guid":{"rendered":"http:\/\/rrpqc.geo3bcn.csic.es\/?page_id=27"},"modified":"2018-11-16T20:53:39","modified_gmt":"2018-11-16T20:53:39","slug":"researchers","status":"publish","type":"page","link":"https:\/\/rrpqc.geo3bcn.csic.es\/index.php\/researchers\/","title":{"rendered":"Chercheurs"},"content":{"rendered":"<p>Les integrants du R\u00e9seau sont:<\/p>\n<p><img loading=\"lazy\" decoding=\"async\" class=\"alignnone wp-image-29\" src=\"http:\/\/rrpqc.geo3bcn.csic.es\/wp-content\/uploads\/2018\/11\/dermot-antoniades.jpg\" alt=\"\" width=\"150\" height=\"200\" \/> Dr. <a href=\"http:\/\/www.cen.ulaval.ca\/en\/membre.php?id=2846838&amp;cat=11&amp;membre=dantoniades\">Dermot Antoniades<\/a> (Universit\u00e9 Laval, Qu\u00e9bec).<\/p>\n<p><img loading=\"lazy\" decoding=\"async\" class=\"alignnone wp-image-31\" src=\"http:\/\/rrpqc.geo3bcn.csic.es\/wp-content\/uploads\/2018\/11\/reinhard_pienitz.png\" alt=\"\" width=\"150\" height=\"200\" \/> Dr. <a href=\"http:\/\/www.cen.ulaval.ca\/en\/membre.php?id=178930&amp;cat=11&amp;membre=rpienitz\">Reinhard Pienitz<\/a> (Universit\u00e9 Laval, Qu\u00e9bec)<\/p>\n<p><img loading=\"lazy\" decoding=\"async\" class=\"alignnone wp-image-30\" src=\"http:\/\/rrpqc.geo3bcn.csic.es\/wp-content\/uploads\/2018\/11\/Marc_Oliva.jpg\" alt=\"\" width=\"150\" height=\"208\" \/> Dr. <a href=\"https:\/\/www.marcoliva.com\/\">Marc Oliva<\/a> (Universitat de Barcelona, Barcelona).<\/p>\n<p><img loading=\"lazy\" decoding=\"async\" class=\"alignnone wp-image-32\" src=\"http:\/\/rrpqc.geo3bcn.csic.es\/wp-content\/uploads\/2018\/11\/santi.jpg\" alt=\"\" width=\"150\" height=\"200\" \/> Dr. <a href=\"http:\/\/diapiro.ictja.csic.es\/~sgiralt\/home.html\">Santiago Giralt<\/a> (ICTJA-CSIC, Barcelona).<\/p>\n","protected":false},"excerpt":{"rendered":"<p>Les integrants du R\u00e9seau sont: Dr. Dermot Antoniades (Universit\u00e9 Laval, Qu\u00e9bec). Dr. Reinhard Pienitz (Universit\u00e9 Laval, Qu\u00e9bec) Dr. Marc Oliva (Universitat de Barcelona, Barcelona). Dr. Santiago Giralt (ICTJA-CSIC, Barcelona).<\/p>\n","protected":false},"author":1,"featured_media":0,"parent":0,"menu_order":0,"comment_status":"closed","ping_status":"closed","template":"","meta":{"footnotes":""},"class_list":["post-27","page","type-page","status-publish","hentry"],"_links":{"self":[{"href":"https:\/\/rrpqc.geo3bcn.csic.es\/index.php\/wp-json\/wp\/v2\/pages\/27","targetHints":{"allow":["GET"]}}],"collection":[{"href":"https:\/\/rrpqc.geo3bcn.csic.es\/index.php\/wp-json\/wp\/v2\/pages"}],"about":[{"href":"https:\/\/rrpqc.geo3bcn.csic.es\/index.php\/wp-json\/wp\/v2\/types\/page"}],"author":[{"embeddable":true,"href":"https:\/\/rrpqc.geo3bcn.csic.es\/index.php\/wp-json\/wp\/v2\/users\/1"}],"replies":[{"embeddable":true,"href":"https:\/\/rrpqc.geo3bcn.csic.es\/index.php\/wp-json\/wp\/v2\/comments?post=27"}],"version-history":[{"count":8,"href":"https:\/\/rrpqc.geo3bcn.csic.es\/index.php\/wp-json\/wp\/v2\/pages\/27\/revisions"}],"predecessor-version":[{"id":62,"href":"https:\/\/rrpqc.geo3bcn.csic.es\/index.php\/wp-json\/wp\/v2\/pages\/27\/revisions\/62"}],"wp:attachment":[{"href":"https:\/\/rrpqc.geo3bcn.csic.es\/index.php\/wp-json\/wp\/v2\/media?parent=27"}],"curies":[{"name":"wp","href":"https:\/\/api.w.org\/{rel}","templated":true}]}}