{"id":2,"date":"2018-11-12T15:32:49","date_gmt":"2018-11-12T15:32:49","guid":{"rendered":"http:\/\/rrpqc.geo3bcn.csic.es\/?page_id=2"},"modified":"2018-11-16T20:53:39","modified_gmt":"2018-11-16T20:53:39","slug":"rrpqc_francais","status":"publish","type":"page","link":"https:\/\/rrpqc.geo3bcn.csic.es\/","title":{"rendered":"Objectif du R\u00e9seau"},"content":{"rendered":"<p>L&#8217;Arctique canadien et la p\u00e9ninsule Antarctique sont parmi les r\u00e9gions du globe qui se sont r\u00e9cemment r\u00e9chauff\u00e9es le plus rapidement, en raison de l&#8217;amplification des changements climatiques aux hautes latitudes. M\u00eame si ces r\u00e9gions semblent \u00e9loign\u00e9es, les changements qui s&#8217;y produisent affectent \u00e9galement les climats aux latitudes plus basses. Dans le contexte actuel de r\u00e9chauffement, il existe donc un besoin urgent d&#8217;acqu\u00e9rir de meilleures connaissances des \u00e9cosyst\u00e8mes des hautes latitudes pour mieux comprendre le syst\u00e8me climatique mondial et, au Nunavik, pour soutenir un d\u00e9veloppement durable des ressources naturelles et pour s&#8217;adapter aux changements climatiques futurs.<\/p>\n<p>Le R\u00e9seau de recherche polaire Qu\u00e9bec-Catalogne (RRPQC) est un projet de r\u00e9seautage financ\u00e9 par le <a href=\"http:\/\/www.mrif.gouv.qc.ca\/fr\/\" target=\"_blank\" rel=\"noopener\">Minist\u00e8re des Relations internationales et de la Francophonie du Qu\u00e9bec<\/a>. Le r\u00e9seau favorise la coop\u00e9ration de l&#8217;\u00e9tude des environnements polaires afin de comprendre et de comparer les changements actuels et pass\u00e9s dans les deux h\u00e9misph\u00e8res. Les objectifs principaux du r\u00e9seau sont de fomenter la recherche ax\u00e9e sur les \u00e9cosyst\u00e8mes polaires dans le contexte des changements climatiques, et de d\u00e9velopper les liens qui m\u00e8nent \u00e0 des projets conjoints de recherche entre les chercheurs qu\u00e9b\u00e9cois et catalognes qui visent \u00e0 comprendre les effets des changements climatiques dans l\u2019Arctique et la p\u00e9ninsule Antarctique.<\/p>\n<p>Le d\u00e9fi principal de faire de la recherche dans les r\u00e9gions polaires est typiquement de nature logistique. Le Qu\u00e9bec a une infrastructure \u00e9tendue de recherche dans le Nord tandis que la logistique de l\u2019Espagne est ax\u00e9e sur les r\u00e9gions polaires du sud. La coop\u00e9ration entre programmes pourrait donc ouvrir de nouvelles opportunit\u00e9s pour des travaux de terrain et le d\u00e9veloppement de projets de recherche bipolaires. Les chercheurs du r\u00e9seau peuvent servir comme agents de liaison pour \u00e9changer des informations sur les programmes logistiques et de financement dans leurs pays respectifs. Si vous aimeriez avoir plus d\u2019information sur les divers aspects de cette collaboration internationale, n\u2019h\u00e9sitez pas \u00e0 nous contacter.<\/p>\n","protected":false},"excerpt":{"rendered":"<p>L&#8217;Arctique canadien et la p\u00e9ninsule Antarctique sont parmi les r\u00e9gions du globe qui se sont r\u00e9cemment r\u00e9chauff\u00e9es le plus rapidement, en raison de l&#8217;amplification des changements climatiques aux hautes latitudes. M\u00eame si ces r\u00e9gions semblent \u00e9loign\u00e9es, les changements qui s&#8217;y produisent affectent \u00e9galement les climats aux latitudes plus basses. Dans le contexte actuel de r\u00e9chauffement, &hellip; <\/p>\n<p class=\"link-more\"><a href=\"https:\/\/rrpqc.geo3bcn.csic.es\/\" class=\"more-link\">Continue reading<span class=\"screen-reader-text\"> &#8220;Objectif du R\u00e9seau&#8221;<\/span><\/a><\/p>\n","protected":false},"author":1,"featured_media":0,"parent":0,"menu_order":0,"comment_status":"closed","ping_status":"open","template":"","meta":{"footnotes":""},"class_list":["post-2","page","type-page","status-publish","hentry"],"_links":{"self":[{"href":"https:\/\/rrpqc.geo3bcn.csic.es\/index.php\/wp-json\/wp\/v2\/pages\/2","targetHints":{"allow":["GET"]}}],"collection":[{"href":"https:\/\/rrpqc.geo3bcn.csic.es\/index.php\/wp-json\/wp\/v2\/pages"}],"about":[{"href":"https:\/\/rrpqc.geo3bcn.csic.es\/index.php\/wp-json\/wp\/v2\/types\/page"}],"author":[{"embeddable":true,"href":"https:\/\/rrpqc.geo3bcn.csic.es\/index.php\/wp-json\/wp\/v2\/users\/1"}],"replies":[{"embeddable":true,"href":"https:\/\/rrpqc.geo3bcn.csic.es\/index.php\/wp-json\/wp\/v2\/comments?post=2"}],"version-history":[{"count":4,"href":"https:\/\/rrpqc.geo3bcn.csic.es\/index.php\/wp-json\/wp\/v2\/pages\/2\/revisions"}],"predecessor-version":[{"id":63,"href":"https:\/\/rrpqc.geo3bcn.csic.es\/index.php\/wp-json\/wp\/v2\/pages\/2\/revisions\/63"}],"wp:attachment":[{"href":"https:\/\/rrpqc.geo3bcn.csic.es\/index.php\/wp-json\/wp\/v2\/media?parent=2"}],"curies":[{"name":"wp","href":"https:\/\/api.w.org\/{rel}","templated":true}]}}