{"id":13,"date":"2018-11-14T20:51:24","date_gmt":"2018-11-14T20:51:24","guid":{"rendered":"http:\/\/rrpqc.geo3bcn.csic.es\/?page_id=13"},"modified":"2018-11-16T20:53:39","modified_gmt":"2018-11-16T20:53:39","slug":"rrpqc_espanol","status":"publish","type":"page","link":"https:\/\/rrpqc.geo3bcn.csic.es\/index.php\/rrpqc_espanol\/","title":{"rendered":"Objetivo de la Red"},"content":{"rendered":"<p>El \u00c1rtico canadiense y la pen\u00ednsula Ant\u00e1rtica se encuentran entre las regiones del mundo que m\u00e1s est\u00e1n siendo afectadas por el calentamiento global de estas \u00faltimas d\u00e9cadas debido a la amplificaci\u00f3n de los cambios clim\u00e1ticos a altas latitudes. Si bien estas regiones parecen distantes, los cambios que ocurren en los polos afectan los climas y otros procesos en las latitudes m\u00e1s bajas. En el contexto del cambio clim\u00e1tico actual, es necesario tener una comprensi\u00f3n m\u00e1s precisa de los ecosistemas y geosistemas de polares a f\u00edn de conocer mejor el sistema clim\u00e1tico mundial y, en Nunavik en particular, para realizar un desarrollo sostenible de los recursos naturales y adaptarse a los cambios clim\u00e1ticos futuros.<\/p>\n<p>La red de investigaci\u00f3n polar Quebec-Catalunya (RRPQC, por sus siglas en franc\u00e9s) es un proyecto de creaci\u00f3n de redes financiado por el <a href=\"http:\/\/www.mrif.gouv.qc.ca\/fr\/\" rel=\"noopener\" target=\"_blank\">Ministerio de Relaciones Internacionales y la Francofon\u00eda del Quebec<\/a>. La red busca promover la cooperaci\u00f3n en el estudio de ambientes polares con el f\u00edn de comprender los cambios actuales y pasados. Los principales objetivos de la red son a) fomentar la investigaci\u00f3n enfocada en los ecosistemas polares dentro del contexto del cambio clim\u00e1tico y b) desarrollar v\u00ednculos que permitan realizar proyectos de investigaci\u00f3n conjuntos entre investigadores quebequeses y catalanes que investiguen los efectos del cambio clim\u00e1tico en el \u00c1rtico y la Pen\u00ednsula Ant\u00e1rtica.<\/p>\n<p>El principal desaf\u00edo de realizar actividades en las regiones polares suele ser la log\u00edstica. Quebec tiene una amplia infraestructura de investigaci\u00f3n en el norte mientras que la log\u00edstica de Espa\u00f1a est\u00e1 centrada en las regiones polares del sur. La cooperaci\u00f3n entre los programas podr\u00eda, por lo tanto, abrir nuevas oportunidades para desarrollar trabajos de campo y la exploraci\u00f3n de proyectos de investigaci\u00f3n bipolar. Los investigadores de la red pueden servir como enlaces para proporcionar informaci\u00f3n sobre programas log\u00edsticos y de financiaci\u00f3n en sus respectivos pa\u00edses. Si desea obtener m\u00e1s informaci\u00f3n sobre cualquier aspecto de estas posibilidades, no dude en contactarnos.<\/p>\n","protected":false},"excerpt":{"rendered":"<p>El \u00c1rtico canadiense y la pen\u00ednsula Ant\u00e1rtica se encuentran entre las regiones del mundo que m\u00e1s est\u00e1n siendo afectadas por el calentamiento global de estas \u00faltimas d\u00e9cadas debido a la amplificaci\u00f3n de los cambios clim\u00e1ticos a altas latitudes. Si bien estas regiones parecen distantes, los cambios que ocurren en los polos afectan los climas y &hellip; <\/p>\n<p class=\"link-more\"><a href=\"https:\/\/rrpqc.geo3bcn.csic.es\/index.php\/rrpqc_espanol\/\" class=\"more-link\">Continue reading<span class=\"screen-reader-text\"> &#8220;Objetivo de la Red&#8221;<\/span><\/a><\/p>\n","protected":false},"author":1,"featured_media":0,"parent":0,"menu_order":0,"comment_status":"closed","ping_status":"closed","template":"","meta":{"footnotes":""},"class_list":["post-13","page","type-page","status-publish","hentry"],"_links":{"self":[{"href":"https:\/\/rrpqc.geo3bcn.csic.es\/index.php\/wp-json\/wp\/v2\/pages\/13","targetHints":{"allow":["GET"]}}],"collection":[{"href":"https:\/\/rrpqc.geo3bcn.csic.es\/index.php\/wp-json\/wp\/v2\/pages"}],"about":[{"href":"https:\/\/rrpqc.geo3bcn.csic.es\/index.php\/wp-json\/wp\/v2\/types\/page"}],"author":[{"embeddable":true,"href":"https:\/\/rrpqc.geo3bcn.csic.es\/index.php\/wp-json\/wp\/v2\/users\/1"}],"replies":[{"embeddable":true,"href":"https:\/\/rrpqc.geo3bcn.csic.es\/index.php\/wp-json\/wp\/v2\/comments?post=13"}],"version-history":[{"count":2,"href":"https:\/\/rrpqc.geo3bcn.csic.es\/index.php\/wp-json\/wp\/v2\/pages\/13\/revisions"}],"predecessor-version":[{"id":15,"href":"https:\/\/rrpqc.geo3bcn.csic.es\/index.php\/wp-json\/wp\/v2\/pages\/13\/revisions\/15"}],"wp:attachment":[{"href":"https:\/\/rrpqc.geo3bcn.csic.es\/index.php\/wp-json\/wp\/v2\/media?parent=13"}],"curies":[{"name":"wp","href":"https:\/\/api.w.org\/{rel}","templated":true}]}}