{"id":10,"date":"2018-11-14T20:50:00","date_gmt":"2018-11-14T20:50:00","guid":{"rendered":"http:\/\/rrpqc.geo3bcn.csic.es\/?page_id=10"},"modified":"2018-11-16T20:53:39","modified_gmt":"2018-11-16T20:53:39","slug":"rrpqc_catala","status":"publish","type":"page","link":"https:\/\/rrpqc.geo3bcn.csic.es\/index.php\/rrpqc_catala\/","title":{"rendered":"Objectiu de la Xarxa"},"content":{"rendered":"<p>Darrerament, l&#8217;\u00e0rtic canadenc i la pen\u00ednsula ant\u00e0rtica s\u00f3n les regions del planeta que s&#8217;estan escalfant m\u00e9s r\u00e0pidament com a conseq\u00fc\u00e8ncia dels canvis clim\u00e0tics que estan succe\u00efnt a les latituts m\u00e9s septentrionals. Encara que aquestes regions semblin allunyades de casa nostre, els canvis que s&#8217;hi estan produ\u00efnt estan afectant el clima de les latituts m\u00e9s baixes. Per tant, dins el context actual d&#8217;escalfament, existeix una necessitat d&#8217;adquirir un millor coneixement dels ecosistemes d&#8217;altes latituts per comprendre millor el sistema clim\u00e0tic mundial en general, i a Nunavik, en particular, per a desenvolupar de forma sostenible els recursos naturals i adaptar-se als canvis clim\u00e0tics futurs.<\/p>\n<p>La xarxa de recerca polar Quebec &#8211; Catalunya (RRPQC, en franc\u00e8s) \u00e9s un projecte finan\u00e7at pel <a href=\"http:\/\/www.mrif.gouv.qc.ca\/fr\/\" rel=\"noopener\" target=\"_blank\">Ministeri de Relacions Internacionals i de la Francofonia del Quebec<\/a>. La xarxa facilita la cooperaci\u00f3 en l&#8217;estudi dels ambients polars per comprendre els canvis actuals i passats. Aix\u00ed, els objectius de la xarxa s\u00f3n a) fomentar la recerca centrada en els ecosistemes polars dins el context dels canvis clim\u00e0tics i b) desenvolupar els lligams per a portar a terme projectes de recerca conjunts entre els investigadors del Quebec i catalans a fi de comprendre els efectes dels canvis clim\u00e0tics a l&#8217;\u00c0rtic i a l&#8217;Ant\u00e0rtida.<\/p>\n<p>La log\u00edstica constitueix el desafiament principal quan es porta a terme la recerca en aquestes regions polars. El Quebec disposa d&#8217;una gran infraestructura de recerca en el nord mentre que la log\u00edstica espanyola est\u00e0 centrada a les regions polars del pol sud. La cooperaci\u00f3 entre els programes hauria de permetre obrir noves oportunitats de treball de camp i l&#8217;exploraci\u00f3 de projectes de recerca bipolars. Aix\u00ed doncs, els investigadors de la xarxa poden servir com a punts contacte per obtenir informaci\u00f3 sobre els programes log\u00edstics i de finan\u00e7ament dels respectius pa\u00efsos. Si requeriu de m\u00e9s informaci\u00f3 sobre qualsevol aspecte d&#8217;aquestes possibilitats de cooperaci\u00f3, no dubteu a contactar-nos.<\/p>\n","protected":false},"excerpt":{"rendered":"<p>Darrerament, l&#8217;\u00e0rtic canadenc i la pen\u00ednsula ant\u00e0rtica s\u00f3n les regions del planeta que s&#8217;estan escalfant m\u00e9s r\u00e0pidament com a conseq\u00fc\u00e8ncia dels canvis clim\u00e0tics que estan succe\u00efnt a les latituts m\u00e9s septentrionals. Encara que aquestes regions semblin allunyades de casa nostre, els canvis que s&#8217;hi estan produ\u00efnt estan afectant el clima de les latituts m\u00e9s baixes. &hellip; <\/p>\n<p class=\"link-more\"><a href=\"https:\/\/rrpqc.geo3bcn.csic.es\/index.php\/rrpqc_catala\/\" class=\"more-link\">Continue reading<span class=\"screen-reader-text\"> &#8220;Objectiu de la Xarxa&#8221;<\/span><\/a><\/p>\n","protected":false},"author":1,"featured_media":0,"parent":0,"menu_order":0,"comment_status":"closed","ping_status":"closed","template":"","meta":{"footnotes":""},"class_list":["post-10","page","type-page","status-publish","hentry"],"_links":{"self":[{"href":"https:\/\/rrpqc.geo3bcn.csic.es\/index.php\/wp-json\/wp\/v2\/pages\/10","targetHints":{"allow":["GET"]}}],"collection":[{"href":"https:\/\/rrpqc.geo3bcn.csic.es\/index.php\/wp-json\/wp\/v2\/pages"}],"about":[{"href":"https:\/\/rrpqc.geo3bcn.csic.es\/index.php\/wp-json\/wp\/v2\/types\/page"}],"author":[{"embeddable":true,"href":"https:\/\/rrpqc.geo3bcn.csic.es\/index.php\/wp-json\/wp\/v2\/users\/1"}],"replies":[{"embeddable":true,"href":"https:\/\/rrpqc.geo3bcn.csic.es\/index.php\/wp-json\/wp\/v2\/comments?post=10"}],"version-history":[{"count":2,"href":"https:\/\/rrpqc.geo3bcn.csic.es\/index.php\/wp-json\/wp\/v2\/pages\/10\/revisions"}],"predecessor-version":[{"id":12,"href":"https:\/\/rrpqc.geo3bcn.csic.es\/index.php\/wp-json\/wp\/v2\/pages\/10\/revisions\/12"}],"wp:attachment":[{"href":"https:\/\/rrpqc.geo3bcn.csic.es\/index.php\/wp-json\/wp\/v2\/media?parent=10"}],"curies":[{"name":"wp","href":"https:\/\/api.w.org\/{rel}","templated":true}]}}